{"id":86,"date":"2022-01-11T14:58:47","date_gmt":"2022-01-11T14:58:47","guid":{"rendered":"https:\/\/kakoky.net\/duran\/?page_id=86"},"modified":"2024-02-29T02:07:36","modified_gmt":"2024-02-29T00:07:36","slug":"benvinguts","status":"publish","type":"page","link":"https:\/\/canduranalella.com\/ca\/","title":{"rendered":"Benvinguts"},"content":{"rendered":"\t\t<div data-elementor-type=\"wp-page\" data-elementor-id=\"86\" class=\"elementor elementor-86\" data-elementor-post-type=\"page\">\n\t\t\t\t\t\t<section class=\"elementor-section elementor-top-section elementor-element elementor-element-585734a elementor-section-full_width elementor-section-height-default elementor-section-height-default\" data-id=\"585734a\" data-element_type=\"section\" data-settings=\"{&quot;jet_parallax_layout_list&quot;:[]}\">\n\t\t\t\t\t\t<div class=\"elementor-container elementor-column-gap-no\">\n\t\t\t\t\t<div class=\"elementor-column elementor-col-100 elementor-top-column elementor-element elementor-element-394bf8b\" data-id=\"394bf8b\" data-element_type=\"column\">\n\t\t\t<div class=\"elementor-widget-wrap elementor-element-populated\">\n\t\t\t\t\t\t<section class=\"elementor-section elementor-inner-section elementor-element elementor-element-52c1d81 elementor-section-height-min-height elementor-section-boxed elementor-section-height-default\" data-id=\"52c1d81\" data-element_type=\"section\" data-settings=\"{&quot;jet_parallax_layout_list&quot;:[],&quot;background_background&quot;:&quot;classic&quot;}\">\n\t\t\t\t\t\t<div class=\"elementor-container elementor-column-gap-default\">\n\t\t\t\t\t<div class=\"elementor-column elementor-col-100 elementor-inner-column elementor-element elementor-element-1b220ce\" data-id=\"1b220ce\" data-element_type=\"column\">\n\t\t\t<div class=\"elementor-widget-wrap\">\n\t\t\t\t\t\t\t<\/div>\n\t\t<\/div>\n\t\t\t\t\t<\/div>\n\t\t<\/section>\n\t\t\t\t<section class=\"elementor-section elementor-inner-section elementor-element elementor-element-297498c elementor-section-boxed elementor-section-height-default elementor-section-height-default\" data-id=\"297498c\" data-element_type=\"section\" data-settings=\"{&quot;jet_parallax_layout_list&quot;:[{&quot;jet_parallax_layout_image&quot;:{&quot;url&quot;:&quot;&quot;,&quot;id&quot;:&quot;&quot;,&quot;size&quot;:&quot;&quot;},&quot;_id&quot;:&quot;eb92768&quot;,&quot;jet_parallax_layout_image_tablet&quot;:{&quot;url&quot;:&quot;&quot;,&quot;id&quot;:&quot;&quot;,&quot;size&quot;:&quot;&quot;},&quot;jet_parallax_layout_image_mobile&quot;:{&quot;url&quot;:&quot;&quot;,&quot;id&quot;:&quot;&quot;,&quot;size&quot;:&quot;&quot;},&quot;jet_parallax_layout_speed&quot;:{&quot;unit&quot;:&quot;%&quot;,&quot;size&quot;:50,&quot;sizes&quot;:[]},&quot;jet_parallax_layout_type&quot;:&quot;scroll&quot;,&quot;jet_parallax_layout_direction&quot;:null,&quot;jet_parallax_layout_fx_direction&quot;:null,&quot;jet_parallax_layout_z_index&quot;:&quot;&quot;,&quot;jet_parallax_layout_bg_x&quot;:50,&quot;jet_parallax_layout_bg_x_tablet&quot;:&quot;&quot;,&quot;jet_parallax_layout_bg_x_mobile&quot;:&quot;&quot;,&quot;jet_parallax_layout_bg_y&quot;:50,&quot;jet_parallax_layout_bg_y_tablet&quot;:&quot;&quot;,&quot;jet_parallax_layout_bg_y_mobile&quot;:&quot;&quot;,&quot;jet_parallax_layout_bg_size&quot;:&quot;auto&quot;,&quot;jet_parallax_layout_bg_size_tablet&quot;:&quot;&quot;,&quot;jet_parallax_layout_bg_size_mobile&quot;:&quot;&quot;,&quot;jet_parallax_layout_animation_prop&quot;:&quot;transform&quot;,&quot;jet_parallax_layout_on&quot;:[&quot;desktop&quot;,&quot;tablet&quot;]}]}\">\n\t\t\t\t\t\t<div class=\"elementor-container elementor-column-gap-wider\">\n\t\t\t\t\t<div class=\"elementor-column elementor-col-100 elementor-inner-column elementor-element elementor-element-bf04ef1\" data-id=\"bf04ef1\" data-element_type=\"column\">\n\t\t\t<div class=\"elementor-widget-wrap elementor-element-populated\">\n\t\t\t\t\t\t<div class=\"elementor-element elementor-element-e62358e elementor-widget elementor-widget-heading\" data-id=\"e62358e\" data-element_type=\"widget\" data-widget_type=\"heading.default\">\n\t\t\t\t<div class=\"elementor-widget-container\">\n\t\t\t<h1 class=\"elementor-heading-title elementor-size-large\">BENVINGUTS<\/h1>\t\t<\/div>\n\t\t\t\t<\/div>\n\t\t\t\t<div class=\"elementor-element elementor-element-6c79226 elementor-widget elementor-widget-text-editor\" data-id=\"6c79226\" data-element_type=\"widget\" data-widget_type=\"text-editor.default\">\n\t\t\t\t<div class=\"elementor-widget-container\">\n\t\t\t\t\t\t\t<p>Can Duran \u00e9s la teva connexi\u00f3 amb la cuina catalana tradicional, la de sempre, la nostra.&nbsp;<\/p>\t\t\t\t\t\t<\/div>\n\t\t\t\t<\/div>\n\t\t\t\t<div class=\"elementor-element elementor-element-7abda9e elementor-widget elementor-widget-text-editor\" data-id=\"7abda9e\" data-element_type=\"widget\" data-widget_type=\"text-editor.default\">\n\t\t\t\t<div class=\"elementor-widget-container\">\n\t\t\t\t\t\t\t<p>El local que avui coneixem com a Caf\u00e8 de Baix o Can Duran, es va construir al 1.780 per Jaume Grifol.<\/p><p>Els m\u00e9s de dos segles de funcionament, un bon servei i una situaci\u00f3 privilegiada en el cor del poble, han fet del nostre Caf\u00e8 de Baix un punt de refer\u00e8ncia per als quals venen o passen per Alella.<\/p><p>El temps i l&#8217;empla\u00e7ament tamb\u00e9 expliquen l&#8217;arrelament entre els alellencs. Al cap i a la fi, Can Duran ha estat testimoni dels avatars dels seus conciutadans.<\/p><p>Can Duran, a m\u00e9s, compta amb un element singular que sempre romandr\u00e0 en el record dels alellenses de diverses generacions: el cinema \u00abLa Const\u00e0ncia\u00bb. Aquell cinema que durant m\u00e9s de cinquanta anys va fer passar volant les tardes del diumenge a un munt de gent.<\/p><p>Un restaurant de cuina de mercat on podr\u00e0s gaudir de la millor gastronomia catalana, on el respecte dels sabors tradicionals forma part del nostre ADN.<\/p><p>L\u2019element fonamental que explica la continu\u00eftat en el temps de Can Duran: la seva gent i la seva cuina de mercat, sense pretensions, senzilla, si com a tal entenem la cuina tradicional, per\u00f2 abundant i a preus raonables i servida amb rapidesa, on la m\u00e0 dels cuiners tant s\u2019utilitza a un pa amb tom\u00e0quet, una amanida de formatge o un delici\u00f3s bacall\u00e0 a la llauna amb mongetes.<\/p>\t\t\t\t\t\t<\/div>\n\t\t\t\t<\/div>\n\t\t\t\t<div class=\"elementor-element elementor-element-e6d95c5 elementor-widget elementor-widget-text-editor\" data-id=\"e6d95c5\" data-element_type=\"widget\" data-widget_type=\"text-editor.default\">\n\t\t\t\t<div class=\"elementor-widget-container\">\n\t\t\t\t\t\t\t<p>T\u2019hi esperem!<\/p>\t\t\t\t\t\t<\/div>\n\t\t\t\t<\/div>\n\t\t\t\t\t<\/div>\n\t\t<\/div>\n\t\t\t\t\t<\/div>\n\t\t<\/section>\n\t\t\t\t\t<\/div>\n\t\t<\/div>\n\t\t\t\t\t<\/div>\n\t\t<\/section>\n\t\t\t\t<\/div>\n\t\t","protected":false},"excerpt":{"rendered":"<p>BENVINGUTS Can Duran \u00e9s la teva connexi\u00f3 amb la cuina catalana tradicional, la de sempre, la nostra.&nbsp; El local que avui coneixem com a Caf\u00e8 de Baix o Can Duran, es va construir al 1.780 per Jaume Grifol. Els m\u00e9s de dos segles de funcionament, un bon servei i una situaci\u00f3 privilegiada en el cor [&hellip;]<\/p>\n","protected":false},"author":1,"featured_media":0,"parent":0,"menu_order":0,"comment_status":"closed","ping_status":"closed","template":"elementor_theme","meta":{"_acf_changed":false,"footnotes":""},"class_list":["post-86","page","type-page","status-publish","hentry"],"acf":[],"yoast_head":"<!-- This site is optimized with the Yoast SEO plugin v23.9 - https:\/\/yoast.com\/wordpress\/plugins\/seo\/ -->\n<title>Can Duran, el vostre restaurant a Alella<\/title>\n<meta name=\"description\" content=\"Un restaurant de cuina de mercat al centre d&#039;Alella on podr\u00e0s gaudir de la millor gastronomia catalana, amb sabors tradicionals. Oferim una carta, un men\u00fa diari que tu mateix podr\u00e0s confeccionar, tapes i una gran varietat d\u2019esmorzars.\" \/>\n<meta name=\"robots\" content=\"index, follow, max-snippet:-1, max-image-preview:large, max-video-preview:-1\" \/>\n<link rel=\"canonical\" href=\"https:\/\/canduranalella.com\/ca\/\" \/>\n<meta property=\"og:locale\" content=\"ca_ES\" \/>\n<meta property=\"og:type\" content=\"article\" \/>\n<meta property=\"og:title\" content=\"Can Duran, el vostre restaurant a Alella\" \/>\n<meta property=\"og:description\" content=\"Un restaurant de cuina de mercat al centre d&#039;Alella on podr\u00e0s gaudir de la millor gastronomia catalana, amb sabors tradicionals. Oferim una carta, un men\u00fa diari que tu mateix podr\u00e0s confeccionar, tapes i una gran varietat d\u2019esmorzars.\" \/>\n<meta property=\"og:url\" content=\"https:\/\/canduranalella.com\/ca\/\" \/>\n<meta property=\"og:site_name\" content=\"Can Duran\" \/>\n<meta property=\"article:publisher\" content=\"https:\/\/www.facebook.com\/canduranalella\" \/>\n<meta property=\"article:modified_time\" content=\"2024-02-29T00:07:36+00:00\" \/>\n<meta property=\"og:image\" content=\"https:\/\/canduranalella.com\/wp-content\/uploads\/2022\/01\/2017-09-22-17.12.36-scaled.jpg\" \/>\n\t<meta property=\"og:image:width\" content=\"2560\" \/>\n\t<meta property=\"og:image:height\" content=\"1636\" \/>\n\t<meta property=\"og:image:type\" content=\"image\/jpeg\" \/>\n<meta name=\"twitter:card\" content=\"summary_large_image\" \/>\n<meta name=\"twitter:label1\" content=\"Temps estimat de lectura\" \/>\n\t<meta name=\"twitter:data1\" content=\"2 minuts\" \/>\n<script type=\"application\/ld+json\" class=\"yoast-schema-graph\">{\"@context\":\"https:\/\/schema.org\",\"@graph\":[{\"@type\":\"WebPage\",\"@id\":\"https:\/\/canduranalella.com\/ca\/\",\"url\":\"https:\/\/canduranalella.com\/ca\/\",\"name\":\"Can Duran, el vostre restaurant a Alella\",\"isPartOf\":{\"@id\":\"https:\/\/canduranalella.com\/ca\/#website\"},\"datePublished\":\"2022-01-11T14:58:47+00:00\",\"dateModified\":\"2024-02-29T00:07:36+00:00\",\"description\":\"Un restaurant de cuina de mercat al centre d'Alella on podr\u00e0s gaudir de la millor gastronomia catalana, amb sabors tradicionals. Oferim una carta, un men\u00fa diari que tu mateix podr\u00e0s confeccionar, tapes i una gran varietat d\u2019esmorzars.\",\"breadcrumb\":{\"@id\":\"https:\/\/canduranalella.com\/ca\/#breadcrumb\"},\"inLanguage\":\"ca\",\"potentialAction\":[{\"@type\":\"ReadAction\",\"target\":[\"https:\/\/canduranalella.com\/ca\/\"]}]},{\"@type\":\"BreadcrumbList\",\"@id\":\"https:\/\/canduranalella.com\/ca\/#breadcrumb\",\"itemListElement\":[{\"@type\":\"ListItem\",\"position\":1,\"name\":\"Portada\",\"item\":\"https:\/\/canduranalella.com\/ca\/\"},{\"@type\":\"ListItem\",\"position\":2,\"name\":\"Benvinguts\"}]},{\"@type\":\"WebSite\",\"@id\":\"https:\/\/canduranalella.com\/ca\/#website\",\"url\":\"https:\/\/canduranalella.com\/ca\/\",\"name\":\"Can Duran\",\"description\":\"Restaurante Can Duran Alella\",\"publisher\":{\"@id\":\"https:\/\/canduranalella.com\/ca\/#organization\"},\"potentialAction\":[{\"@type\":\"SearchAction\",\"target\":{\"@type\":\"EntryPoint\",\"urlTemplate\":\"https:\/\/canduranalella.com\/ca\/?s={search_term_string}\"},\"query-input\":{\"@type\":\"PropertyValueSpecification\",\"valueRequired\":true,\"valueName\":\"search_term_string\"}}],\"inLanguage\":\"ca\"},{\"@type\":\"Organization\",\"@id\":\"https:\/\/canduranalella.com\/ca\/#organization\",\"name\":\"Can Duran\",\"url\":\"https:\/\/canduranalella.com\/ca\/\",\"logo\":{\"@type\":\"ImageObject\",\"inLanguage\":\"ca\",\"@id\":\"https:\/\/canduranalella.com\/ca\/#\/schema\/logo\/image\/\",\"url\":\"https:\/\/canduranalella.com\/wp-content\/uploads\/2022\/01\/LOGO-CAN-DURAN-SMALL_Fondo-Gris.png\",\"contentUrl\":\"https:\/\/canduranalella.com\/wp-content\/uploads\/2022\/01\/LOGO-CAN-DURAN-SMALL_Fondo-Gris.png\",\"width\":322,\"height\":168,\"caption\":\"Can Duran\"},\"image\":{\"@id\":\"https:\/\/canduranalella.com\/ca\/#\/schema\/logo\/image\/\"},\"sameAs\":[\"https:\/\/www.facebook.com\/canduranalella\",\"https:\/\/www.instagram.com\/canduran_alella\/?hl=es\"]}]}<\/script>\n<!-- \/ Yoast SEO plugin. -->","yoast_head_json":{"title":"Can Duran, el vostre restaurant a Alella","description":"Un restaurant de cuina de mercat al centre d'Alella on podr\u00e0s gaudir de la millor gastronomia catalana, amb sabors tradicionals. Oferim una carta, un men\u00fa diari que tu mateix podr\u00e0s confeccionar, tapes i una gran varietat d\u2019esmorzars.","robots":{"index":"index","follow":"follow","max-snippet":"max-snippet:-1","max-image-preview":"max-image-preview:large","max-video-preview":"max-video-preview:-1"},"canonical":"https:\/\/canduranalella.com\/ca\/","og_locale":"ca_ES","og_type":"article","og_title":"Can Duran, el vostre restaurant a Alella","og_description":"Un restaurant de cuina de mercat al centre d'Alella on podr\u00e0s gaudir de la millor gastronomia catalana, amb sabors tradicionals. Oferim una carta, un men\u00fa diari que tu mateix podr\u00e0s confeccionar, tapes i una gran varietat d\u2019esmorzars.","og_url":"https:\/\/canduranalella.com\/ca\/","og_site_name":"Can Duran","article_publisher":"https:\/\/www.facebook.com\/canduranalella","article_modified_time":"2024-02-29T00:07:36+00:00","og_image":[{"width":2560,"height":1636,"url":"https:\/\/canduranalella.com\/wp-content\/uploads\/2022\/01\/2017-09-22-17.12.36-scaled.jpg","type":"image\/jpeg"}],"twitter_card":"summary_large_image","twitter_misc":{"Temps estimat de lectura":"2 minuts"},"schema":{"@context":"https:\/\/schema.org","@graph":[{"@type":"WebPage","@id":"https:\/\/canduranalella.com\/ca\/","url":"https:\/\/canduranalella.com\/ca\/","name":"Can Duran, el vostre restaurant a Alella","isPartOf":{"@id":"https:\/\/canduranalella.com\/ca\/#website"},"datePublished":"2022-01-11T14:58:47+00:00","dateModified":"2024-02-29T00:07:36+00:00","description":"Un restaurant de cuina de mercat al centre d'Alella on podr\u00e0s gaudir de la millor gastronomia catalana, amb sabors tradicionals. Oferim una carta, un men\u00fa diari que tu mateix podr\u00e0s confeccionar, tapes i una gran varietat d\u2019esmorzars.","breadcrumb":{"@id":"https:\/\/canduranalella.com\/ca\/#breadcrumb"},"inLanguage":"ca","potentialAction":[{"@type":"ReadAction","target":["https:\/\/canduranalella.com\/ca\/"]}]},{"@type":"BreadcrumbList","@id":"https:\/\/canduranalella.com\/ca\/#breadcrumb","itemListElement":[{"@type":"ListItem","position":1,"name":"Portada","item":"https:\/\/canduranalella.com\/ca\/"},{"@type":"ListItem","position":2,"name":"Benvinguts"}]},{"@type":"WebSite","@id":"https:\/\/canduranalella.com\/ca\/#website","url":"https:\/\/canduranalella.com\/ca\/","name":"Can Duran","description":"Restaurante Can Duran Alella","publisher":{"@id":"https:\/\/canduranalella.com\/ca\/#organization"},"potentialAction":[{"@type":"SearchAction","target":{"@type":"EntryPoint","urlTemplate":"https:\/\/canduranalella.com\/ca\/?s={search_term_string}"},"query-input":{"@type":"PropertyValueSpecification","valueRequired":true,"valueName":"search_term_string"}}],"inLanguage":"ca"},{"@type":"Organization","@id":"https:\/\/canduranalella.com\/ca\/#organization","name":"Can Duran","url":"https:\/\/canduranalella.com\/ca\/","logo":{"@type":"ImageObject","inLanguage":"ca","@id":"https:\/\/canduranalella.com\/ca\/#\/schema\/logo\/image\/","url":"https:\/\/canduranalella.com\/wp-content\/uploads\/2022\/01\/LOGO-CAN-DURAN-SMALL_Fondo-Gris.png","contentUrl":"https:\/\/canduranalella.com\/wp-content\/uploads\/2022\/01\/LOGO-CAN-DURAN-SMALL_Fondo-Gris.png","width":322,"height":168,"caption":"Can Duran"},"image":{"@id":"https:\/\/canduranalella.com\/ca\/#\/schema\/logo\/image\/"},"sameAs":["https:\/\/www.facebook.com\/canduranalella","https:\/\/www.instagram.com\/canduran_alella\/?hl=es"]}]}},"_links":{"self":[{"href":"https:\/\/canduranalella.com\/ca\/wp-json\/wp\/v2\/pages\/86","targetHints":{"allow":["GET"]}}],"collection":[{"href":"https:\/\/canduranalella.com\/ca\/wp-json\/wp\/v2\/pages"}],"about":[{"href":"https:\/\/canduranalella.com\/ca\/wp-json\/wp\/v2\/types\/page"}],"author":[{"embeddable":true,"href":"https:\/\/canduranalella.com\/ca\/wp-json\/wp\/v2\/users\/1"}],"replies":[{"embeddable":true,"href":"https:\/\/canduranalella.com\/ca\/wp-json\/wp\/v2\/comments?post=86"}],"version-history":[{"count":127,"href":"https:\/\/canduranalella.com\/ca\/wp-json\/wp\/v2\/pages\/86\/revisions"}],"predecessor-version":[{"id":1711,"href":"https:\/\/canduranalella.com\/ca\/wp-json\/wp\/v2\/pages\/86\/revisions\/1711"}],"wp:attachment":[{"href":"https:\/\/canduranalella.com\/ca\/wp-json\/wp\/v2\/media?parent=86"}],"curies":[{"name":"wp","href":"https:\/\/api.w.org\/{rel}","templated":true}]}}