{"id":502,"date":"2022-01-14T08:42:00","date_gmt":"2022-01-14T08:42:00","guid":{"rendered":"https:\/\/kakoky.net\/duran\/?page_id=502"},"modified":"2022-03-28T17:47:25","modified_gmt":"2022-03-28T17:47:25","slug":"politica-de-cookies","status":"publish","type":"page","link":"https:\/\/canduranalella.com\/ca\/aviso-legal\/politica-de-cookies\/","title":{"rendered":"Pol\u00edtica de galetes"},"content":{"rendered":"\t\t<div data-elementor-type=\"wp-page\" data-elementor-id=\"502\" class=\"elementor elementor-502\" data-elementor-post-type=\"page\">\n\t\t\t\t\t\t<section class=\"elementor-section elementor-top-section elementor-element elementor-element-f05e241 elementor-section-height-min-height elementor-section-content-middle elementor-section-boxed elementor-section-height-default elementor-section-items-middle\" data-id=\"f05e241\" data-element_type=\"section\" data-settings=\"{&quot;background_background&quot;:&quot;classic&quot;,&quot;jet_parallax_layout_list&quot;:[{&quot;_id&quot;:&quot;66a9f3c&quot;,&quot;jet_parallax_layout_image&quot;:{&quot;url&quot;:&quot;&quot;,&quot;id&quot;:&quot;&quot;,&quot;size&quot;:&quot;&quot;},&quot;jet_parallax_layout_image_tablet&quot;:{&quot;url&quot;:&quot;&quot;,&quot;id&quot;:&quot;&quot;,&quot;size&quot;:&quot;&quot;},&quot;jet_parallax_layout_image_mobile&quot;:{&quot;url&quot;:&quot;&quot;,&quot;id&quot;:&quot;&quot;,&quot;size&quot;:&quot;&quot;},&quot;jet_parallax_layout_speed&quot;:{&quot;unit&quot;:&quot;%&quot;,&quot;size&quot;:50,&quot;sizes&quot;:[]},&quot;jet_parallax_layout_type&quot;:&quot;scroll&quot;,&quot;jet_parallax_layout_direction&quot;:null,&quot;jet_parallax_layout_fx_direction&quot;:null,&quot;jet_parallax_layout_z_index&quot;:&quot;&quot;,&quot;jet_parallax_layout_bg_x&quot;:50,&quot;jet_parallax_layout_bg_x_tablet&quot;:&quot;&quot;,&quot;jet_parallax_layout_bg_x_mobile&quot;:&quot;&quot;,&quot;jet_parallax_layout_bg_y&quot;:50,&quot;jet_parallax_layout_bg_y_tablet&quot;:&quot;&quot;,&quot;jet_parallax_layout_bg_y_mobile&quot;:&quot;&quot;,&quot;jet_parallax_layout_bg_size&quot;:&quot;auto&quot;,&quot;jet_parallax_layout_bg_size_tablet&quot;:&quot;&quot;,&quot;jet_parallax_layout_bg_size_mobile&quot;:&quot;&quot;,&quot;jet_parallax_layout_animation_prop&quot;:&quot;transform&quot;,&quot;jet_parallax_layout_on&quot;:[&quot;desktop&quot;,&quot;tablet&quot;]}]}\">\n\t\t\t\t\t\t\t<div class=\"elementor-background-overlay\"><\/div>\n\t\t\t\t\t\t\t<div class=\"elementor-container elementor-column-gap-default\">\n\t\t\t\t\t<div class=\"elementor-column elementor-col-100 elementor-top-column elementor-element elementor-element-ad3c0dd\" data-id=\"ad3c0dd\" data-element_type=\"column\">\n\t\t\t<div class=\"elementor-widget-wrap\">\n\t\t\t\t\t\t\t<\/div>\n\t\t<\/div>\n\t\t\t\t\t<\/div>\n\t\t<\/section>\n\t\t\t\t<section class=\"elementor-section elementor-top-section elementor-element elementor-element-feca2a6 elementor-section-full_width elementor-section-height-default elementor-section-height-default\" data-id=\"feca2a6\" data-element_type=\"section\" data-settings=\"{&quot;jet_parallax_layout_list&quot;:[{&quot;jet_parallax_layout_image&quot;:{&quot;url&quot;:&quot;&quot;,&quot;id&quot;:&quot;&quot;,&quot;size&quot;:&quot;&quot;},&quot;_id&quot;:&quot;03d539a&quot;,&quot;jet_parallax_layout_image_tablet&quot;:{&quot;url&quot;:&quot;&quot;,&quot;id&quot;:&quot;&quot;,&quot;size&quot;:&quot;&quot;},&quot;jet_parallax_layout_image_mobile&quot;:{&quot;url&quot;:&quot;&quot;,&quot;id&quot;:&quot;&quot;,&quot;size&quot;:&quot;&quot;},&quot;jet_parallax_layout_speed&quot;:{&quot;unit&quot;:&quot;%&quot;,&quot;size&quot;:50,&quot;sizes&quot;:[]},&quot;jet_parallax_layout_type&quot;:&quot;scroll&quot;,&quot;jet_parallax_layout_direction&quot;:null,&quot;jet_parallax_layout_fx_direction&quot;:null,&quot;jet_parallax_layout_z_index&quot;:&quot;&quot;,&quot;jet_parallax_layout_bg_x&quot;:50,&quot;jet_parallax_layout_bg_x_tablet&quot;:&quot;&quot;,&quot;jet_parallax_layout_bg_x_mobile&quot;:&quot;&quot;,&quot;jet_parallax_layout_bg_y&quot;:50,&quot;jet_parallax_layout_bg_y_tablet&quot;:&quot;&quot;,&quot;jet_parallax_layout_bg_y_mobile&quot;:&quot;&quot;,&quot;jet_parallax_layout_bg_size&quot;:&quot;auto&quot;,&quot;jet_parallax_layout_bg_size_tablet&quot;:&quot;&quot;,&quot;jet_parallax_layout_bg_size_mobile&quot;:&quot;&quot;,&quot;jet_parallax_layout_animation_prop&quot;:&quot;transform&quot;,&quot;jet_parallax_layout_on&quot;:[&quot;desktop&quot;,&quot;tablet&quot;]}]}\">\n\t\t\t\t\t\t<div class=\"elementor-container elementor-column-gap-default\">\n\t\t\t\t\t<div class=\"elementor-column elementor-col-100 elementor-top-column elementor-element elementor-element-9636e9b\" data-id=\"9636e9b\" data-element_type=\"column\">\n\t\t\t<div class=\"elementor-widget-wrap elementor-element-populated\">\n\t\t\t\t\t\t<section class=\"elementor-section elementor-inner-section elementor-element elementor-element-2312129 elementor-section-boxed elementor-section-height-default elementor-section-height-default\" data-id=\"2312129\" data-element_type=\"section\" data-settings=\"{&quot;jet_parallax_layout_list&quot;:[{&quot;jet_parallax_layout_image&quot;:{&quot;url&quot;:&quot;&quot;,&quot;id&quot;:&quot;&quot;,&quot;size&quot;:&quot;&quot;},&quot;_id&quot;:&quot;eb92768&quot;,&quot;jet_parallax_layout_image_tablet&quot;:{&quot;url&quot;:&quot;&quot;,&quot;id&quot;:&quot;&quot;,&quot;size&quot;:&quot;&quot;},&quot;jet_parallax_layout_image_mobile&quot;:{&quot;url&quot;:&quot;&quot;,&quot;id&quot;:&quot;&quot;,&quot;size&quot;:&quot;&quot;},&quot;jet_parallax_layout_speed&quot;:{&quot;unit&quot;:&quot;%&quot;,&quot;size&quot;:50,&quot;sizes&quot;:[]},&quot;jet_parallax_layout_type&quot;:&quot;scroll&quot;,&quot;jet_parallax_layout_direction&quot;:null,&quot;jet_parallax_layout_fx_direction&quot;:null,&quot;jet_parallax_layout_z_index&quot;:&quot;&quot;,&quot;jet_parallax_layout_bg_x&quot;:50,&quot;jet_parallax_layout_bg_x_tablet&quot;:&quot;&quot;,&quot;jet_parallax_layout_bg_x_mobile&quot;:&quot;&quot;,&quot;jet_parallax_layout_bg_y&quot;:50,&quot;jet_parallax_layout_bg_y_tablet&quot;:&quot;&quot;,&quot;jet_parallax_layout_bg_y_mobile&quot;:&quot;&quot;,&quot;jet_parallax_layout_bg_size&quot;:&quot;auto&quot;,&quot;jet_parallax_layout_bg_size_tablet&quot;:&quot;&quot;,&quot;jet_parallax_layout_bg_size_mobile&quot;:&quot;&quot;,&quot;jet_parallax_layout_animation_prop&quot;:&quot;transform&quot;,&quot;jet_parallax_layout_on&quot;:[&quot;desktop&quot;,&quot;tablet&quot;]}]}\">\n\t\t\t\t\t\t<div class=\"elementor-container elementor-column-gap-wider\">\n\t\t\t\t\t<div class=\"elementor-column elementor-col-100 elementor-inner-column elementor-element elementor-element-49b4e9f\" data-id=\"49b4e9f\" data-element_type=\"column\">\n\t\t\t<div class=\"elementor-widget-wrap elementor-element-populated\">\n\t\t\t\t\t\t<div class=\"elementor-element elementor-element-b30cf5b elementor-widget elementor-widget-heading\" data-id=\"b30cf5b\" data-element_type=\"widget\" data-widget_type=\"heading.default\">\n\t\t\t\t<div class=\"elementor-widget-container\">\n\t\t\t<h1 class=\"elementor-heading-title elementor-size-large\">POLITICA DE GALETES<\/h1>\t\t<\/div>\n\t\t\t\t<\/div>\n\t\t\t\t<div class=\"elementor-element elementor-element-e89b4bb elementor-widget elementor-widget-text-editor\" data-id=\"e89b4bb\" data-element_type=\"widget\" data-widget_type=\"text-editor.default\">\n\t\t\t\t<div class=\"elementor-widget-container\">\n\t\t\t\t\t\t\t<p>Aquesta pol\u00edtica de cookies t\u00e9 per finalitat informar de manera clara i precisa sobre les cookies que s\u2019utilitzen en<br \/>la nostra web.<\/p><p>Utilitzem cookies pr\u00f2pies i de tercers per a millorar els nostres serveis, personalitzar el nostre lloc web, facilitar<br \/>la navegaci\u00f3 dels nostres usuaris, proporcionar-li una millor experi\u00e8ncia en l\u2019\u00fas del lloc web, identificar<br \/>problemes per a millorar el mateix, fer mesuraments i estad\u00edstiques d\u2019\u00fas i mostrar-li publicitat relacionada amb<br \/>les seves prefer\u00e8ncies mitjan\u00e7ant l\u2019an\u00e0lisi de l\u2019\u00fas del lloc web.<br \/>L\u2019informem que podem utilitzar cookies en el seu equip a condici\u00f3 que l\u2019\/la usuari\/a hagi donat el seu<br \/>consentiment, excepte en els sup\u00f2sits en els quals les cookies siguin necess\u00e0ries per a la navegaci\u00f3 pel nostre<br \/>lloc web. En cas que presti el seu consentiment, podrem utilitzar cookies que ens permetran tenir m\u00e9s<br \/>informaci\u00f3 sobre les seves prefer\u00e8ncies i personalitzar el nostre lloc web de conformitat amb els seus interessos<br \/>individuals.<\/p><p><strong>QU\u00c8 S\u00d3N LES COOKIES?<\/strong><\/p><p>Les cookies i altres tecnologies similars com ara local shared objects, flaix cookies o p\u00edxels, s\u00f3n eines utilitzades<br \/>pels servidors Web per a emmagatzemar i recuperar informaci\u00f3 sobre els seus visitants, aix\u00ed com per a oferir un<br \/>correcte funcionament del lloc.<\/p><p><strong>TIPUS DE COOKIES<\/strong><\/p><p>Tipus de cookies en funci\u00f3 de l\u2019entitat que les gestioni:<\/p><p><strong>Cookies pr\u00f2pies<\/strong>: s\u00f3n aquelles que s\u2019envien a l\u2019equip terminal de l\u2019usuari des d\u2019un equip o domini<br \/>gestionat pel titular de la p\u00e0gina web i des de la qual es presta el servei sol\u00b7licitat per l\u2019usuari.<\/p><p><strong>Cookies de tercers<\/strong>: s\u00f3n aquelles que s\u2019envien a l\u2019equip terminal de l\u2019usuari des d\u2019un equip o domini que<br \/>no \u00e9s gestionat pel titular de la p\u00e0gina web des de la qual es presta el servei sol\u00b7licitat per l\u2019usuari, sin\u00f3<br \/>per una altra entitat que tracta les dades obtingudes trav\u00e9s de les cookies. Aix\u00ed mateix, en el cas que les<br \/>cookies siguin instal\u00b7lades des d\u2019un equip o domini gestionat pel propi titular del lloc web per\u00f2 la<br \/>informaci\u00f3 que es reculli mitjan\u00e7ant aquestes sigui gestionada per un tercer, tamb\u00e9 seran considerades<br \/>com a cookies de tercers.<\/p><p>Tipus de cookies segons la finalitat:<\/p><p><strong>Cookies t\u00e8cniques<\/strong>: s\u00f3n aquelles que permeten a l\u2019usuari la navegaci\u00f3 a trav\u00e9s d\u2019una p\u00e0gina web,<br \/>plataforma o aplicaci\u00f3 i la utilitzaci\u00f3 de les diferents opcions o serveis que en ella existeixin, incloent<br \/>aquelles que l\u2019editor utilitza per a permetre la gesti\u00f3 i operativa de la p\u00e0gina web i habilitar les seves<br \/>funcions i serveis, com, per exemple, controlar el tr\u00e0nsit i la comunicaci\u00f3 de dades, identificar la sessi\u00f3,<br \/>accedir a parts d\u2019acc\u00e9s restringit, recordar els elements que integren una comanda, realitzar el proc\u00e9s de<br \/>compra d\u2019una comanda, gestionar el pagament, controlar el frau vinculat a la seguretat del servei,<br \/>realitzar la sol\u00b7licitud d\u2019inscripci\u00f3 o participaci\u00f3 en un esdeveniment, comptar visites a l\u2019efecte de la<br \/>facturaci\u00f3 de llic\u00e8ncies del programari amb el qual funciona el servei (lloc web, plataforma o aplicaci\u00f3),<br \/>utilitzar elements de seguretat durant la navegaci\u00f3, emmagatzemar continguts per a la difusi\u00f3 de v\u00eddeos o so, habilitar continguts din\u00e0mics (per exemple, animaci\u00f3 de c\u00e0rrega d\u2019un text o imatge) o compartir<br \/>continguts a trav\u00e9s de xarxes socials.<br \/>Tamb\u00e9 pertanyen a aquesta categoria, per la seva naturalesa t\u00e8cnica, aquelles cookies que permeten la<br \/>gesti\u00f3, de la forma m\u00e9s efica\u00e7 possible, dels espais publicitaris que, com un element m\u00e9s de disseny o<br \/>\u201cmaquetaci\u00f3\u201d del servei ofert a l\u2019usuari, l\u2019editor hagi incl\u00f2s en una p\u00e0gina web, aplicaci\u00f3 o plataforma<br \/>sobre la base de criteris com el contingut editat, sense que es recopili informaci\u00f3 dels usuaris amb<br \/>finalitats diferents, com pot ser personalitzar aquest contingut publicitari o altres continguts.<\/p><p><strong>Cookies de prefer\u00e8ncies o personalitzaci\u00f3<\/strong>: s\u00f3n aquelles que permeten recordar informaci\u00f3 perqu\u00e8<br \/>l\u2019usuari accedeixi al servei amb determinades caracter\u00edstiques que poden diferenciar la seva experi\u00e8ncia<br \/>de la d\u2019altres usuaris, com, per exemple, l\u2019idioma, el nombre de resultats a mostrar quan l\u2019usuari realitza<br \/>una cerca, l\u2019aspecte o contingut del servei en funci\u00f3 de la mena de navegador a trav\u00e9s del qual l\u2019usuari<br \/>accedeix al servei o de la regi\u00f3 des de la qual accedeix al servei, etc.<\/p><p><strong>Cookies d\u2019an\u00e0lisis o mesurament<\/strong>: s\u00f3n aquelles que permeten al responsable de les mateixes el<br \/>seguiment i an\u00e0lisi del comportament dels usuaris dels llocs web als quals estan vinculades, inclosa la<br \/>quantificaci\u00f3 dels impactes dels anuncis. La informaci\u00f3 recollida mitjan\u00e7ant aquesta mena de cookies<br \/>s\u2019utilitza en el mesurament de l\u2019activitat dels llocs web, aplicaci\u00f3 o plataforma, amb la finalitat d\u2019introduir<br \/>millores en funci\u00f3 de l\u2019an\u00e0lisi de les dades d\u2019\u00fas que fan els usuaris del servei.<\/p><p><strong>Cookies de publicitat comportamental<\/strong>: s\u00f3n aquelles que permeten la gesti\u00f3, de la forma m\u00e9s efica\u00e7<br \/>possible, dels espais publicitaris que hi ha en la p\u00e0gina web. Aquestes cookies emmagatzemen informaci\u00f3<br \/>del comportament dels usuaris obtinguda a trav\u00e9s de l\u2019observaci\u00f3 continuada dels seus h\u00e0bits de<br \/>navegaci\u00f3, la qual cosa permet desenvolupar un perfil espec\u00edfic per a mostrar publicitat en funci\u00f3<br \/>d\u2019aquest.<\/p><p><strong>Cookies de geolocalitzaci\u00f3<\/strong>: s\u2019utilitzen per a saber en quin lloc es troba un usuari quan sol\u00b7licita un servei.<br \/>Aquesta cookie \u00e9s an\u00f2nima i s\u2019usa per exemple per a oferir-li la informaci\u00f3 adequada depenent del pa\u00eds<br \/>en el qual es trobi.<\/p><p>Tipus de cookies segons termini de temps que romanen activades:<\/p><p><strong>Cookies de sessi\u00f3<\/strong>: s\u00f3n aquelles dissenyades per a recaptar i emmagatzemar dades mentre l\u2019usuari<br \/>accedeix a una p\u00e0gina web. Es solen emprar per a emmagatzemar informaci\u00f3 que nom\u00e9s interessa<br \/>conservar per a la prestaci\u00f3 del servei sol\u00b7licitat per l\u2019usuari en una sola ocasi\u00f3 (per exemple, una llista de<br \/>productes adquirits) i desapareixen en acabar la sessi\u00f3.<\/p><p><strong>Cookies persistents<\/strong>: s\u00f3n aquelles en les quals les dades segueixen emmagatzemats en el terminal i poden<br \/>ser accedits i tractats durant un per\u00edode definit pel responsable de la cookie, i que pot anar d\u2019uns minuts<br \/>a diversos anys.<\/p><p><strong>COOKIES UTILITZADES EN LA NOSTRA WEB<\/strong><\/p>\t\t\t\t\t\t<\/div>\n\t\t\t\t<\/div>\n\t\t\t\t<div class=\"elementor-element elementor-element-f5336e0 elementor-widget elementor-widget-html\" data-id=\"f5336e0\" data-element_type=\"widget\" data-widget_type=\"html.default\">\n\t\t\t\t<div class=\"elementor-widget-container\">\n\t\t\t<script id=\"CookieDeclaration\" src=\"https:\/\/consent.cookiebot.com\/a2fff0aa-26ff-4de9-87e9-15a719490449\/cd.js\" type=\"text\/javascript\" async><\/script>\t\t<\/div>\n\t\t\t\t<\/div>\n\t\t\t\t\t<\/div>\n\t\t<\/div>\n\t\t\t\t\t<\/div>\n\t\t<\/section>\n\t\t\t\t\t<\/div>\n\t\t<\/div>\n\t\t\t\t\t<\/div>\n\t\t<\/section>\n\t\t\t\t<\/div>\n\t\t","protected":false},"excerpt":{"rendered":"<p>POLITICA DE GALETES Aquesta pol\u00edtica de cookies t\u00e9 per finalitat informar de manera clara i precisa sobre les cookies que s\u2019utilitzen en la nostra web. Utilitzem cookies pr\u00f2pies i de tercers per a millorar els nostres serveis, personalitzar el nostre lloc web, facilitar la navegaci\u00f3 dels nostres usuaris, proporcionar-li una millor experi\u00e8ncia en l\u2019\u00fas del [&hellip;]<\/p>\n","protected":false},"author":1,"featured_media":0,"parent":501,"menu_order":0,"comment_status":"closed","ping_status":"closed","template":"elementor_theme","meta":{"_acf_changed":false,"footnotes":""},"class_list":["post-502","page","type-page","status-publish","hentry"],"acf":[],"yoast_head":"<!-- This site is optimized with the Yoast SEO plugin v23.9 - https:\/\/yoast.com\/wordpress\/plugins\/seo\/ -->\n<title>Pol\u00edtica de galetes - Can Duran<\/title>\n<meta name=\"robots\" content=\"noindex, nofollow\" \/>\n<meta property=\"og:locale\" content=\"ca_ES\" \/>\n<meta property=\"og:type\" content=\"article\" \/>\n<meta property=\"og:title\" content=\"Pol\u00edtica de galetes - Can Duran\" \/>\n<meta property=\"og:description\" content=\"POLITICA DE GALETES Aquesta pol\u00edtica de cookies t\u00e9 per finalitat informar de manera clara i precisa sobre les cookies que s\u2019utilitzen en la nostra web. Utilitzem cookies pr\u00f2pies i de tercers per a millorar els nostres serveis, personalitzar el nostre lloc web, facilitar la navegaci\u00f3 dels nostres usuaris, proporcionar-li una millor experi\u00e8ncia en l\u2019\u00fas del [&hellip;]\" \/>\n<meta property=\"og:url\" content=\"https:\/\/canduranalella.com\/\" \/>\n<meta property=\"og:site_name\" content=\"Can Duran\" \/>\n<meta property=\"article:publisher\" content=\"https:\/\/www.facebook.com\/canduranalella\" \/>\n<meta property=\"article:modified_time\" content=\"2022-03-28T17:47:25+00:00\" \/>\n<meta property=\"og:image\" content=\"https:\/\/canduranalella.com\/wp-content\/uploads\/2022\/01\/2017-09-22-17.12.36-scaled.jpg\" \/>\n\t<meta property=\"og:image:width\" content=\"2560\" \/>\n\t<meta property=\"og:image:height\" content=\"1636\" \/>\n\t<meta property=\"og:image:type\" content=\"image\/jpeg\" \/>\n<meta name=\"twitter:card\" content=\"summary_large_image\" \/>\n<meta name=\"twitter:label1\" content=\"Temps estimat de lectura\" \/>\n\t<meta name=\"twitter:data1\" content=\"5 minuts\" \/>\n<script type=\"application\/ld+json\" class=\"yoast-schema-graph\">{\"@context\":\"https:\/\/schema.org\",\"@graph\":[{\"@type\":\"WebPage\",\"@id\":\"https:\/\/canduranalella.com\/ca\/aviso-legal\/politica-de-cookies\/\",\"url\":\"https:\/\/canduranalella.com\/\",\"name\":\"Pol\u00edtica de galetes - Can Duran\",\"isPartOf\":{\"@id\":\"https:\/\/canduranalella.com\/ca\/#website\"},\"datePublished\":\"2022-01-14T08:42:00+00:00\",\"dateModified\":\"2022-03-28T17:47:25+00:00\",\"breadcrumb\":{\"@id\":\"https:\/\/canduranalella.com\/#breadcrumb\"},\"inLanguage\":\"ca\",\"potentialAction\":[{\"@type\":\"ReadAction\",\"target\":[\"https:\/\/canduranalella.com\/\"]}]},{\"@type\":\"BreadcrumbList\",\"@id\":\"https:\/\/canduranalella.com\/#breadcrumb\",\"itemListElement\":[{\"@type\":\"ListItem\",\"position\":1,\"name\":\"Portada\",\"item\":\"https:\/\/canduranalella.com\/ca\/\"},{\"@type\":\"ListItem\",\"position\":2,\"name\":\"Av\u00eds legal\",\"item\":\"https:\/\/canduranalella.com\/ca\/aviso-legal\/\"},{\"@type\":\"ListItem\",\"position\":3,\"name\":\"Pol\u00edtica de galetes\"}]},{\"@type\":\"WebSite\",\"@id\":\"https:\/\/canduranalella.com\/ca\/#website\",\"url\":\"https:\/\/canduranalella.com\/ca\/\",\"name\":\"Can Duran\",\"description\":\"Restaurante Can Duran Alella\",\"publisher\":{\"@id\":\"https:\/\/canduranalella.com\/ca\/#organization\"},\"potentialAction\":[{\"@type\":\"SearchAction\",\"target\":{\"@type\":\"EntryPoint\",\"urlTemplate\":\"https:\/\/canduranalella.com\/ca\/?s={search_term_string}\"},\"query-input\":{\"@type\":\"PropertyValueSpecification\",\"valueRequired\":true,\"valueName\":\"search_term_string\"}}],\"inLanguage\":\"ca\"},{\"@type\":\"Organization\",\"@id\":\"https:\/\/canduranalella.com\/ca\/#organization\",\"name\":\"Can Duran\",\"url\":\"https:\/\/canduranalella.com\/ca\/\",\"logo\":{\"@type\":\"ImageObject\",\"inLanguage\":\"ca\",\"@id\":\"https:\/\/canduranalella.com\/ca\/#\/schema\/logo\/image\/\",\"url\":\"https:\/\/canduranalella.com\/wp-content\/uploads\/2022\/01\/LOGO-CAN-DURAN-SMALL_Fondo-Gris.png\",\"contentUrl\":\"https:\/\/canduranalella.com\/wp-content\/uploads\/2022\/01\/LOGO-CAN-DURAN-SMALL_Fondo-Gris.png\",\"width\":322,\"height\":168,\"caption\":\"Can Duran\"},\"image\":{\"@id\":\"https:\/\/canduranalella.com\/ca\/#\/schema\/logo\/image\/\"},\"sameAs\":[\"https:\/\/www.facebook.com\/canduranalella\",\"https:\/\/www.instagram.com\/canduran_alella\/?hl=es\"]}]}<\/script>\n<!-- \/ Yoast SEO plugin. -->","yoast_head_json":{"title":"Pol\u00edtica de galetes - Can Duran","robots":{"index":"noindex","follow":"nofollow"},"og_locale":"ca_ES","og_type":"article","og_title":"Pol\u00edtica de galetes - Can Duran","og_description":"POLITICA DE GALETES Aquesta pol\u00edtica de cookies t\u00e9 per finalitat informar de manera clara i precisa sobre les cookies que s\u2019utilitzen en la nostra web. Utilitzem cookies pr\u00f2pies i de tercers per a millorar els nostres serveis, personalitzar el nostre lloc web, facilitar la navegaci\u00f3 dels nostres usuaris, proporcionar-li una millor experi\u00e8ncia en l\u2019\u00fas del [&hellip;]","og_url":"https:\/\/canduranalella.com\/","og_site_name":"Can Duran","article_publisher":"https:\/\/www.facebook.com\/canduranalella","article_modified_time":"2022-03-28T17:47:25+00:00","og_image":[{"width":2560,"height":1636,"url":"https:\/\/canduranalella.com\/wp-content\/uploads\/2022\/01\/2017-09-22-17.12.36-scaled.jpg","type":"image\/jpeg"}],"twitter_card":"summary_large_image","twitter_misc":{"Temps estimat de lectura":"5 minuts"},"schema":{"@context":"https:\/\/schema.org","@graph":[{"@type":"WebPage","@id":"https:\/\/canduranalella.com\/ca\/aviso-legal\/politica-de-cookies\/","url":"https:\/\/canduranalella.com\/","name":"Pol\u00edtica de galetes - Can Duran","isPartOf":{"@id":"https:\/\/canduranalella.com\/ca\/#website"},"datePublished":"2022-01-14T08:42:00+00:00","dateModified":"2022-03-28T17:47:25+00:00","breadcrumb":{"@id":"https:\/\/canduranalella.com\/#breadcrumb"},"inLanguage":"ca","potentialAction":[{"@type":"ReadAction","target":["https:\/\/canduranalella.com\/"]}]},{"@type":"BreadcrumbList","@id":"https:\/\/canduranalella.com\/#breadcrumb","itemListElement":[{"@type":"ListItem","position":1,"name":"Portada","item":"https:\/\/canduranalella.com\/ca\/"},{"@type":"ListItem","position":2,"name":"Av\u00eds legal","item":"https:\/\/canduranalella.com\/ca\/aviso-legal\/"},{"@type":"ListItem","position":3,"name":"Pol\u00edtica de galetes"}]},{"@type":"WebSite","@id":"https:\/\/canduranalella.com\/ca\/#website","url":"https:\/\/canduranalella.com\/ca\/","name":"Can Duran","description":"Restaurante Can Duran Alella","publisher":{"@id":"https:\/\/canduranalella.com\/ca\/#organization"},"potentialAction":[{"@type":"SearchAction","target":{"@type":"EntryPoint","urlTemplate":"https:\/\/canduranalella.com\/ca\/?s={search_term_string}"},"query-input":{"@type":"PropertyValueSpecification","valueRequired":true,"valueName":"search_term_string"}}],"inLanguage":"ca"},{"@type":"Organization","@id":"https:\/\/canduranalella.com\/ca\/#organization","name":"Can Duran","url":"https:\/\/canduranalella.com\/ca\/","logo":{"@type":"ImageObject","inLanguage":"ca","@id":"https:\/\/canduranalella.com\/ca\/#\/schema\/logo\/image\/","url":"https:\/\/canduranalella.com\/wp-content\/uploads\/2022\/01\/LOGO-CAN-DURAN-SMALL_Fondo-Gris.png","contentUrl":"https:\/\/canduranalella.com\/wp-content\/uploads\/2022\/01\/LOGO-CAN-DURAN-SMALL_Fondo-Gris.png","width":322,"height":168,"caption":"Can Duran"},"image":{"@id":"https:\/\/canduranalella.com\/ca\/#\/schema\/logo\/image\/"},"sameAs":["https:\/\/www.facebook.com\/canduranalella","https:\/\/www.instagram.com\/canduran_alella\/?hl=es"]}]}},"_links":{"self":[{"href":"https:\/\/canduranalella.com\/ca\/wp-json\/wp\/v2\/pages\/502","targetHints":{"allow":["GET"]}}],"collection":[{"href":"https:\/\/canduranalella.com\/ca\/wp-json\/wp\/v2\/pages"}],"about":[{"href":"https:\/\/canduranalella.com\/ca\/wp-json\/wp\/v2\/types\/page"}],"author":[{"embeddable":true,"href":"https:\/\/canduranalella.com\/ca\/wp-json\/wp\/v2\/users\/1"}],"replies":[{"embeddable":true,"href":"https:\/\/canduranalella.com\/ca\/wp-json\/wp\/v2\/comments?post=502"}],"version-history":[{"count":38,"href":"https:\/\/canduranalella.com\/ca\/wp-json\/wp\/v2\/pages\/502\/revisions"}],"predecessor-version":[{"id":1339,"href":"https:\/\/canduranalella.com\/ca\/wp-json\/wp\/v2\/pages\/502\/revisions\/1339"}],"up":[{"embeddable":true,"href":"https:\/\/canduranalella.com\/ca\/wp-json\/wp\/v2\/pages\/501"}],"wp:attachment":[{"href":"https:\/\/canduranalella.com\/ca\/wp-json\/wp\/v2\/media?parent=502"}],"curies":[{"name":"wp","href":"https:\/\/api.w.org\/{rel}","templated":true}]}}